{"id":6443,"date":"2015-10-10T16:43:30","date_gmt":"2015-10-10T16:43:30","guid":{"rendered":"http:\/\/neu.teamhcstrache.at\/index.php\/home\/"},"modified":"2025-08-01T07:42:56","modified_gmt":"2025-08-01T07:42:56","slug":"home","status":"publish","type":"page","link":"https:\/\/teamhcstrache.at\/","title":{"rendered":"Start"},"content":{"rendered":"<p>[vc_row column_gap=&#8220;60&#8243; padding_top=&#8220;0&#8243;][vc_column][vc_row_inner][vc_column_inner width=&#8220;1\/3&#8243;]<h4 class=\"grve-element grve-title grve-align-left grve-animated-item grve-fadeInLeft grve-h4\" style=\"\" data-delay=\"200\"><span>Sei dabei<span class=\"grve-title-line grve-bg-primary-2\" style=\"width: 50px;height: 4px;\"><\/span><\/span><\/h4><div class=\"grve-element grve-image grve-animated-item grve-fadeInLeft grve-align-center\" style=\"\" data-delay=\"200\"><img loading=\"lazy\" decoding=\"async\" width=\"300\" height=\"300\" src=\"https:\/\/teamhcstrache.at\/wp-content\/uploads\/2023\/03\/HC_Daume_hoch-1-300x300.png\" class=\"attachment-medium size-medium\" alt=\"\" srcset=\"https:\/\/teamhcstrache.at\/wp-content\/uploads\/2023\/03\/HC_Daume_hoch-1-300x300.png 300w, https:\/\/teamhcstrache.at\/wp-content\/uploads\/2023\/03\/HC_Daume_hoch-1-150x150.png 150w, https:\/\/teamhcstrache.at\/wp-content\/uploads\/2023\/03\/HC_Daume_hoch-1.png 600w\" sizes=\"(max-width: 300px) 100vw, 300px\" \/><\/div>[vc_column_text animation=&#8220;fadeInLeft&#8220;]<\/p>\n<h4><strong>Sei ein Teil unserer B\u00fcrgerbewegung!<\/strong><\/h4>\n<p>In ganz \u00d6sterreich finden sich B\u00fcrger in unserer Bewegung zusammen, um \u00d6sterreich wieder sicherer und fairer zu machen.[\/vc_column_text]<div class=\"grve-element grve-align-center grve-animated-item grve-zoomIn\" data-delay=\"200\"><a href=\"http:\/\/neu.teamhcstrache.at\/index.php\/our-projects\/\" title=\"Sei dabei\" class=\"grve-btn grve-btn-medium grve-round grve-bg-primary-2 grve-bg-hover-primary-2 grve-btn-line\"><span>Komm zum Team HC!<\/span><\/a><\/div>[\/vc_column_inner][vc_column_inner width=&#8220;1\/3&#8243;]<h4 class=\"grve-element grve-title grve-align-left grve-animated-item grve-fadeInUp grve-h4\" style=\"\" data-delay=\"200\"><span>Wir brauchen Dich<span class=\"grve-title-line grve-bg-primary-2\" style=\"width: 50px;height: 4px;\"><\/span><\/span><\/h4><div class=\"grve-element grve-image grve-animated-item grve-fadeInUp grve-align-center\" style=\"\" data-delay=\"200\"><img loading=\"lazy\" decoding=\"async\" width=\"300\" height=\"300\" src=\"https:\/\/teamhcstrache.at\/wp-content\/uploads\/2023\/03\/Spenden_600x600-1-e1686294948398-300x300.png\" class=\"attachment-medium size-medium\" alt=\"\" srcset=\"https:\/\/teamhcstrache.at\/wp-content\/uploads\/2023\/03\/Spenden_600x600-1-e1686294948398-300x300.png 300w, https:\/\/teamhcstrache.at\/wp-content\/uploads\/2023\/03\/Spenden_600x600-1-e1686294948398-150x150.png 150w, https:\/\/teamhcstrache.at\/wp-content\/uploads\/2023\/03\/Spenden_600x600-1-e1686294948398-600x600.png 600w, https:\/\/teamhcstrache.at\/wp-content\/uploads\/2023\/03\/Spenden_600x600-1-e1686294948398.png 603w\" sizes=\"(max-width: 300px) 100vw, 300px\" \/><\/div>[vc_column_text animation=&#8220;fadeInUp&#8220;]<\/p>\n<h4>Wir sind frei von Zw\u00e4ngen und Abh\u00e4ngigkeiten!<\/h4>\n<p>Wenn Du m\u00f6chtest, dass wir wieder die Interessen von uns \u00d6sterreichern wahrnehmen, spende jetzt f\u00fcr uns.[\/vc_column_text]<div class=\"grve-element grve-align-center grve-animated-item grve-zoomIn\" data-delay=\"200\"><a href=\"http:\/\/neu.teamhcstrache.at\/index.php\/spende\/\" title=\"Spende\" class=\"grve-btn grve-btn-medium grve-round grve-bg-primary-2 grve-bg-hover-primary-2 grve-btn-line\"><span>Spende jetzt!<\/span><\/a><\/div>[\/vc_column_inner][vc_column_inner width=&#8220;1\/3&#8243;]<h4 class=\"grve-element grve-title grve-align-left grve-animated-item grve-fadeInRight grve-h4\" style=\"\" data-delay=\"200\"><span>Hol ihn Dir<span class=\"grve-title-line grve-bg-primary-2\" style=\"width: 50px;height: 4px;\"><\/span><\/span><\/h4><div class=\"grve-element grve-image grve-animated-item grve-fadeInRight grve-align-center\" style=\"\" data-delay=\"200\"><img loading=\"lazy\" decoding=\"async\" width=\"300\" height=\"297\" src=\"https:\/\/teamhcstrache.at\/wp-content\/uploads\/2023\/03\/Newsletter_600x600-300x297.png\" class=\"attachment-medium size-medium\" alt=\"\" srcset=\"https:\/\/teamhcstrache.at\/wp-content\/uploads\/2023\/03\/Newsletter_600x600-300x297.png 300w, https:\/\/teamhcstrache.at\/wp-content\/uploads\/2023\/03\/Newsletter_600x600-150x150.png 150w, https:\/\/teamhcstrache.at\/wp-content\/uploads\/2023\/03\/Newsletter_600x600.png 606w\" sizes=\"(max-width: 300px) 100vw, 300px\" \/><\/div>[vc_column_text animation=&#8220;fadeInRight&#8220;]<\/p>\n<h4><strong>Mit unserem Newsletter immer bestens informiert.<\/strong><\/h4>\n<p>Unser Newsletter, vollgepackt mit Neuigkeiten, informiert Dich laufend \u00fcber unsere Aktiv\u00e4ten und Neuigkeiten.[\/vc_column_text]<div class=\"grve-element grve-align-center grve-animated-item grve-zoomIn\" data-delay=\"200\"><a href=\"http:\/\/neu.teamhcstrache.at\/index.php\/newsletter\/\" title=\"Newsletter\" class=\"grve-btn grve-btn-medium grve-round grve-bg-primary-2 grve-bg-hover-primary-2 grve-btn-line\"><span>Ich hol mir den Newsletter!<\/span><\/a><\/div>[\/vc_column_inner][\/vc_row_inner][\/vc_column][\/vc_row][vc_row][vc_column][vc_empty_space height=&#8220;64px&#8220;][\/vc_column][\/vc_row][vc_row][vc_column width=&#8220;1\/6&#8243;][\/vc_column][vc_column width=&#8220;1\/6&#8243;]<div class=\"grve-element grve-single-icon grve-align-center grve-small grve-animated-item grve-zoomIn\" style=\"\" data-delay=\"200\"><a href=\"https:\/\/www.facebook.com\/StracheHeinzChristian\/\" target=\"_self\" class=\"\">  <div class=\"grve-wrapper-icon grve-no-shape grve-text-grey\"><i class=\"fab fa-facebook-f grve-text-primary-1\"><\/i><\/div><\/a><\/div>[vc_column_text]<\/p>\n<p style=\"text-align: center;\"><a href=\"https:\/\/www.facebook.com\/StracheHeinzChristian\/\">Facebook<\/a><\/p>\n<p>[\/vc_column_text][\/vc_column][vc_column width=&#8220;1\/6&#8243;]<div class=\"grve-element grve-single-icon grve-align-center grve-small grve-animated-item grve-zoomIn\" style=\"\" data-delay=\"200\"><a href=\"https:\/\/twitter.com\/hcstrache1\" target=\"_self\" class=\"\">  <div class=\"grve-wrapper-icon grve-no-shape grve-text-grey\"><i class=\"fab fa-twitter grve-text-primary-1\"><\/i><\/div><\/a><\/div>[vc_column_text]<\/p>\n<p style=\"text-align: center;\"><a href=\"https:\/\/twitter.com\/hcstrache1\">Twitter<\/a><\/p>\n<p>[\/vc_column_text][\/vc_column][vc_column width=&#8220;1\/6&#8243;]<div class=\"grve-element grve-single-icon grve-align-center grve-small grve-animated-item grve-zoomIn\" style=\"\" data-delay=\"200\"><a href=\"https:\/\/www.youtube.com\/TeamHCStrache\" target=\"_self\" class=\"\">  <div class=\"grve-wrapper-icon grve-no-shape grve-text-grey\"><i class=\"fab fa-youtube grve-text-primary-1\"><\/i><\/div><\/a><\/div>[vc_column_text]<\/p>\n<p style=\"text-align: center;\"><a href=\"https:\/\/www.youtube.com\/TeamHCStrache\">YouTube<\/a><\/p>\n<p>[\/vc_column_text][\/vc_column][vc_column width=&#8220;1\/6&#8243;]<div class=\"grve-element grve-single-icon grve-align-center grve-small grve-animated-item grve-zoomIn\" style=\"\" data-delay=\"200\"><a href=\"https:\/\/www.instagram.com\/h.c.strache\" target=\"_self\" class=\"\">  <div class=\"grve-wrapper-icon grve-no-shape grve-text-grey\"><i class=\"fab fa-instagram grve-text-primary-1\"><\/i><\/div><\/a><\/div>[vc_column_text]<\/p>\n<p style=\"text-align: center;\"><a href=\"https:\/\/www.instagram.com\/h.c.strache\">Instagram<\/a><\/p>\n<p>[\/vc_column_text][\/vc_column][vc_column width=&#8220;1\/6&#8243;][\/vc_column][\/vc_row]<\/p>\n","protected":false},"excerpt":{"rendered":"<p>[vc_row column_gap=&#8220;60&#8243; padding_top=&#8220;0&#8243;][vc_column][vc_row_inner][vc_column_inner width=&#8220;1\/3&#8243;][vc_column_text animation=&#8220;fadeInLeft&#8220;] Sei ein Teil unserer B\u00fcrgerbewegung! In ganz \u00d6sterreich finden sich B\u00fcrger in unserer Bewegung zusammen, um \u00d6sterreich wieder sicherer und fairer zu machen.[\/vc_column_text][\/vc_column_inner][vc_column_inner width=&#8220;1\/3&#8243;][vc_column_text animation=&#8220;fadeInUp&#8220;] Wir sind frei von Zw\u00e4ngen und Abh\u00e4ngigkeiten! Wenn Du m\u00f6chtest, dass wir wieder die Interessen von uns \u00d6sterreichern wahrnehmen, spende jetzt f\u00fcr uns.[\/vc_column_text][\/vc_column_inner][vc_column_inner width=&#8220;1\/3&#8243;][vc_column_text animation=&#8220;fadeInRight&#8220;] [&hellip;]<\/p>\n","protected":false},"author":1,"featured_media":0,"parent":0,"menu_order":0,"comment_status":"closed","ping_status":"closed","template":"","meta":{"footnotes":""},"class_list":["post-6443","page","type-page","status-publish","hentry"],"_links":{"self":[{"href":"https:\/\/teamhcstrache.at\/index.php\/wp-json\/wp\/v2\/pages\/6443"}],"collection":[{"href":"https:\/\/teamhcstrache.at\/index.php\/wp-json\/wp\/v2\/pages"}],"about":[{"href":"https:\/\/teamhcstrache.at\/index.php\/wp-json\/wp\/v2\/types\/page"}],"author":[{"embeddable":true,"href":"https:\/\/teamhcstrache.at\/index.php\/wp-json\/wp\/v2\/users\/1"}],"replies":[{"embeddable":true,"href":"https:\/\/teamhcstrache.at\/index.php\/wp-json\/wp\/v2\/comments?post=6443"}],"version-history":[{"count":105,"href":"https:\/\/teamhcstrache.at\/index.php\/wp-json\/wp\/v2\/pages\/6443\/revisions"}],"predecessor-version":[{"id":7376,"href":"https:\/\/teamhcstrache.at\/index.php\/wp-json\/wp\/v2\/pages\/6443\/revisions\/7376"}],"wp:attachment":[{"href":"https:\/\/teamhcstrache.at\/index.php\/wp-json\/wp\/v2\/media?parent=6443"}],"curies":[{"name":"wp","href":"https:\/\/api.w.org\/{rel}","templated":true}]}}