{"id":6824,"date":"2023-03-02T18:24:30","date_gmt":"2023-03-02T18:24:30","guid":{"rendered":"http:\/\/neu.teamhcstrache.at\/?page_id=6824"},"modified":"2024-08-06T09:41:18","modified_gmt":"2024-08-06T09:41:18","slug":"spende","status":"publish","type":"page","link":"https:\/\/teamhcstrache.at\/index.php\/spende\/","title":{"rendered":"Spenden"},"content":{"rendered":"<p>[vc_row title=&#8220;Sei dabei&#8220; heading_tag=&#8220;h4&#8243; heading=&#8220;h4&#8243; increase_heading=&#8220;100&#8243; line_type=&#8220;line&#8220; line_width=&#8220;50&#8243; line_height=&#8220;4&#8243; line_color=&#8220;primary-2&#8243; align=&#8220;left&#8220; animation=&#8220;fadeInLeft&#8220; animation_delay=&#8220;200&#8243;][vc_column]<h4 class=\"grve-element grve-title grve-align-left grve-animated-item grve-fadeInLeft grve-h4\" style=\"\" data-delay=\"200\"><span>Spende f\u00fcr HC<span class=\"grve-title-line grve-bg-primary-2\" style=\"width: 50px;height: 4px;\"><\/span><\/span><\/h4>[vc_column_text]<strong>Unabh\u00e4ngig. Freiheitlich.<\/strong><\/p>\n<p>Das Team HC Strache ist eine unabh\u00e4ngige B\u00fcrgerbewegung und will es auch bleiben. Keine Oligarchin, kein multinationales Unternehmen und keine sonstigen Organisationen mit eigenen Interessen finanzieren das Team HC.\u00a0Daher sind wir auf die B\u00fcrger angewiesen, denn nur denen stehen wir im Wort.<\/p>\n<p>Wenn Sie sich daf\u00fcr entscheiden eine Spende mittels \u00dcberweisung zu t\u00e4tigen,\u00a0f\u00fcllen Sie den \u00dcberweisungsschein bitte folgenderma\u00dfen aus:<\/p>\n<p style=\"padding-left: 40px;\"><strong>Empf\u00e4nger: Team HC Strache &#8211; Die Allianz f\u00fcr \u00d6sterreich<\/strong><\/p>\n<p style=\"padding-left: 40px;\"><strong>IBAN: AT50 1500 0042 0113 2455<br \/>\n<\/strong><strong><br \/>\n<\/strong><strong>Zahlungsreferenzfeld: Spende an Team HC Strache<\/strong><\/p>\n<p>Vielen Dank f\u00fcr Ihre Spende.\u00a0Mit Ihrer Hilfe setzen wir nachhaltige Ideen f\u00fcr \u00d6sterreich um![\/vc_column_text][\/vc_column][\/vc_row]<\/p>\n","protected":false},"excerpt":{"rendered":"<p>[vc_row title=&#8220;Sei dabei&#8220; heading_tag=&#8220;h4&#8243; heading=&#8220;h4&#8243; increase_heading=&#8220;100&#8243; line_type=&#8220;line&#8220; line_width=&#8220;50&#8243; line_height=&#8220;4&#8243; line_color=&#8220;primary-2&#8243; align=&#8220;left&#8220; animation=&#8220;fadeInLeft&#8220; animation_delay=&#8220;200&#8243;][vc_column][vc_column_text]Unabh\u00e4ngig. Freiheitlich. Das Team HC Strache ist eine unabh\u00e4ngige B\u00fcrgerbewegung und will es auch bleiben. Keine Oligarchin, kein multinationales Unternehmen und keine sonstigen Organisationen mit eigenen Interessen finanzieren das Team HC.\u00a0Daher sind wir auf die B\u00fcrger angewiesen, denn nur denen stehen wir im [&hellip;]<\/p>\n","protected":false},"author":1,"featured_media":0,"parent":0,"menu_order":0,"comment_status":"closed","ping_status":"closed","template":"","meta":{"footnotes":""},"class_list":["post-6824","page","type-page","status-publish","hentry"],"_links":{"self":[{"href":"https:\/\/teamhcstrache.at\/index.php\/wp-json\/wp\/v2\/pages\/6824"}],"collection":[{"href":"https:\/\/teamhcstrache.at\/index.php\/wp-json\/wp\/v2\/pages"}],"about":[{"href":"https:\/\/teamhcstrache.at\/index.php\/wp-json\/wp\/v2\/types\/page"}],"author":[{"embeddable":true,"href":"https:\/\/teamhcstrache.at\/index.php\/wp-json\/wp\/v2\/users\/1"}],"replies":[{"embeddable":true,"href":"https:\/\/teamhcstrache.at\/index.php\/wp-json\/wp\/v2\/comments?post=6824"}],"version-history":[{"count":12,"href":"https:\/\/teamhcstrache.at\/index.php\/wp-json\/wp\/v2\/pages\/6824\/revisions"}],"predecessor-version":[{"id":7294,"href":"https:\/\/teamhcstrache.at\/index.php\/wp-json\/wp\/v2\/pages\/6824\/revisions\/7294"}],"wp:attachment":[{"href":"https:\/\/teamhcstrache.at\/index.php\/wp-json\/wp\/v2\/media?parent=6824"}],"curies":[{"name":"wp","href":"https:\/\/api.w.org\/{rel}","templated":true}]}}