{"id":6912,"date":"2023-03-02T22:32:11","date_gmt":"2023-03-02T22:32:11","guid":{"rendered":"http:\/\/neu.teamhcstrache.at\/?page_id=6912"},"modified":"2025-08-01T07:48:16","modified_gmt":"2025-08-01T07:48:16","slug":"impressum","status":"publish","type":"page","link":"https:\/\/teamhcstrache.at\/index.php\/impressum\/","title":{"rendered":"Impressum"},"content":{"rendered":"<p>[vc_row][vc_column]<h4 class=\"grve-element grve-title grve-align-left grve-animated-item grve-fadeInLeft grve-h4\" style=\"\" data-delay=\"200\"><span>Impressum<span class=\"grve-title-line grve-bg-primary-2\" style=\"width: 50px;height: 4px;\"><\/span><\/span><\/h4>[\/vc_column][\/vc_row][vc_row][vc_column][vc_column_text]<\/p>\n<div class=\"qubely-block-text-title-container qubely-separator-position-top\">\n<div class=\"qubely-block-text-title-inner\">\n<p class=\"qubely-block-text-title\"><strong><span style=\"font-family: inherit; font-size: inherit; font-style: inherit; font-variant-caps: inherit;\">Team HC Strache \u2013 Allianz f\u00fcr \u00d6sterreich<\/span><\/strong><\/p>\n<p>1110 Wien, Schlie\u00dffach 0005<\/p><\/div>\n<\/div>\n<p>office(at)teamhcstrache.at<\/p>\n<p>Parteiobmann: Heinz-Christian Strache[\/vc_column_text][vc_empty_space][\/vc_column][\/vc_row][vc_row][vc_column][vc_column_text]<\/p>\n<h4>Pressekontakt<\/h4>\n<p>E-Mail: kontakt(at)teamhcstrache.at[\/vc_column_text][vc_empty_space][\/vc_column][\/vc_row]<\/p>\n","protected":false},"excerpt":{"rendered":"<p>[vc_row][vc_column][\/vc_column][\/vc_row][vc_row][vc_column][vc_column_text] Team HC Strache \u2013 Allianz f\u00fcr \u00d6sterreich 1110 Wien, Schlie\u00dffach 0005 office(at)teamhcstrache.at Parteiobmann: Heinz-Christian Strache[\/vc_column_text][vc_empty_space][\/vc_column][\/vc_row][vc_row][vc_column][vc_column_text] Pressekontakt E-Mail: kontakt(at)teamhcstrache.at[\/vc_column_text][vc_empty_space][\/vc_column][\/vc_row]<\/p>\n","protected":false},"author":1,"featured_media":0,"parent":0,"menu_order":0,"comment_status":"closed","ping_status":"closed","template":"","meta":{"footnotes":""},"class_list":["post-6912","page","type-page","status-publish","hentry"],"_links":{"self":[{"href":"https:\/\/teamhcstrache.at\/index.php\/wp-json\/wp\/v2\/pages\/6912"}],"collection":[{"href":"https:\/\/teamhcstrache.at\/index.php\/wp-json\/wp\/v2\/pages"}],"about":[{"href":"https:\/\/teamhcstrache.at\/index.php\/wp-json\/wp\/v2\/types\/page"}],"author":[{"embeddable":true,"href":"https:\/\/teamhcstrache.at\/index.php\/wp-json\/wp\/v2\/users\/1"}],"replies":[{"embeddable":true,"href":"https:\/\/teamhcstrache.at\/index.php\/wp-json\/wp\/v2\/comments?post=6912"}],"version-history":[{"count":8,"href":"https:\/\/teamhcstrache.at\/index.php\/wp-json\/wp\/v2\/pages\/6912\/revisions"}],"predecessor-version":[{"id":7377,"href":"https:\/\/teamhcstrache.at\/index.php\/wp-json\/wp\/v2\/pages\/6912\/revisions\/7377"}],"wp:attachment":[{"href":"https:\/\/teamhcstrache.at\/index.php\/wp-json\/wp\/v2\/media?parent=6912"}],"curies":[{"name":"wp","href":"https:\/\/api.w.org\/{rel}","templated":true}]}}