{"id":7069,"date":"2023-03-10T13:22:15","date_gmt":"2023-03-10T13:22:15","guid":{"rendered":"http:\/\/neu.teamhcstrache.at\/?page_id=7069"},"modified":"2026-01-25T16:56:26","modified_gmt":"2026-01-25T16:56:26","slug":"links","status":"publish","type":"page","link":"https:\/\/teamhcstrache.at\/index.php\/links\/","title":{"rendered":"Soziale Medien"},"content":{"rendered":"<p>[vc_row title=&#8220;Sei dabei&#8220; heading_tag=&#8220;h4&#8243; heading=&#8220;h4&#8243; increase_heading=&#8220;100&#8243; line_type=&#8220;line&#8220; line_width=&#8220;50&#8243; line_height=&#8220;4&#8243; line_color=&#8220;primary-2&#8243; align=&#8220;left&#8220; animation=&#8220;fadeInLeft&#8220; animation_delay=&#8220;200&#8243;][vc_column]<h4 class=\"grve-element grve-title grve-align-left grve-animated-item grve-fadeInLeft grve-h4\" style=\"\" data-delay=\"200\"><span>Soziale Medien<span class=\"grve-title-line grve-bg-primary-2\" style=\"width: 50px;height: 4px;\"><\/span><\/span><\/h4>[vc_empty_space][\/vc_column][\/vc_row][vc_row][vc_column width=&#8220;1\/2&#8243;][vc_column_text]<\/p>\n<div class=\"wp-block-qubely-row qubely-section qubely-block-3b57a5\">\n<div class=\"qubely-container\">\n<div class=\"qubely-row \">\n<div class=\"wp-block-qubely-column qubely-column qubely-column-front qubely-block-fd63e7\">\n<div class=\"qubely-column-inner\">\n<div class=\"wp-block-qubely-text qubely-block-05f9e2\">\n<div class=\"qubely-block-text \">\n<div class=\"qubely-block-text-title-container qubely-separator-position-top\">\n<h4 class=\"qubely-block-text-title-inner\"><strong style=\"font-family: inherit; font-size: inherit; font-style: inherit; font-variant-caps: inherit;\">Facebook<\/strong><\/h4>\n<\/div>\n<\/div>\n<\/div>\n<\/div>\n<\/div>\n<\/div>\n<\/div>\n<\/div>\n<div class=\"wp-block-qubely-row qubely-section qubely-block-97a6fd\">\n<div class=\"qubely-container\">\n<div class=\"qubely-row \">\n<div class=\"wp-block-qubely-column qubely-column qubely-column-front qubely-block-7f76e8\">\n<div class=\"qubely-column-inner\">\n<div class=\"wp-block-qubely-text qubely-block-4d060d\">\n<div class=\"qubely-block-text \">\n<p><a href=\"https:\/\/www.facebook.com\/StracheHeinzChristian\" target=\"_blank\" rel=\"noreferrer noopener\" aria-label=\"undefined (opens in a new tab)\">Heinz-Christian Strache \/ HC Strache<\/a><br \/>\n<a href=\"https:\/\/www.facebook.com\/TeamHCStrache\" target=\"_blank\" rel=\"noreferrer noopener\" aria-label=\"undefined (opens in a new tab)\">Team HC Strache \u2013 Allianz f\u00fcr \u00d6sterreich<\/a> (Bundespartei)<\/p>\n<p><strong>Bezirksseiten Wien:<br \/>\n<\/strong><a href=\"https:\/\/www.facebook.com\/TeamHC1020\" target=\"_blank\" rel=\"noreferrer noopener\" aria-label=\"undefined (opens in a new tab)\">Wien Leopoldstadt (1020)<\/a><br \/>\n<a href=\"https:\/\/www.facebook.com\/TeamHC1030\" target=\"_blank\" rel=\"noreferrer noopener\">Wien Landstra\u00dfe (1030)<\/a><br \/>\n<a href=\"https:\/\/www.facebook.com\/TeamHC1040\" target=\"_blank\" rel=\"noreferrer noopener\">Wien Wieden (1040)<\/a><br \/>\n<a href=\"https:\/\/www.facebook.com\/TeamHC1050\" target=\"_blank\" rel=\"noreferrer noopener\">Wien Margareten (1050)<\/a><br \/>\n<a href=\"https:\/\/www.facebook.com\/TeamHC1060\" target=\"_blank\" rel=\"noreferrer noopener\" aria-label=\"undefined (opens in a new tab)\">Wien Mariahilf (1060)<\/a><br \/>\n<a href=\"https:\/\/www.facebook.com\/TeamHC1070\" target=\"_blank\" rel=\"noreferrer noopener\" aria-label=\"undefined (opens in a new tab)\">Wien Neubau (1070)<\/a><br \/>\n<a href=\"https:\/\/www.facebook.com\/TeamHC1080\" target=\"_blank\" rel=\"noreferrer noopener\" aria-label=\"undefined (opens in a new tab)\">Wien Josefstadt (1080)<\/a><br \/>\n<a href=\"https:\/\/www.facebook.com\/TeamHC1090\" target=\"_blank\" rel=\"noreferrer noopener\" aria-label=\"undefined (opens in a new tab)\">Wien Alsergrund (1090)<\/a><br \/>\n<a href=\"https:\/\/www.facebook.com\/TeamHC1100\/\" target=\"_blank\" rel=\"noreferrer noopener\" aria-label=\"undefined (opens in a new tab)\">Wien Favoriten (1100)<\/a><br \/>\n<a href=\"https:\/\/www.facebook.com\/TeamHC1120\" target=\"_blank\" rel=\"noreferrer noopener\">Wien Meidling (1120)<\/a><br \/>\n<a href=\"https:\/\/www.facebook.com\/TeamHC1130\/\" target=\"_blank\" rel=\"noreferrer noopener\" aria-label=\"undefined (opens in a new tab)\">Wien Hietzing (1130)<\/a><br \/>\n<a href=\"https:\/\/www.facebook.com\/TeamHC1140\" target=\"_blank\" rel=\"noreferrer noopener\" aria-label=\"undefined (opens in a new tab)\">Wien Penzing (1140)<\/a><br \/>\n<a href=\"https:\/\/www.facebook.com\/TeamHC1170\" target=\"_blank\" rel=\"noreferrer noopener\" aria-label=\"undefined (opens in a new tab)\">Wien Hernals (1170)<\/a><br \/>\n<a href=\"https:\/\/www.facebook.com\/TeamHC1180\" target=\"_blank\" rel=\"noreferrer noopener\">Wien W\u00e4hring (1180)<\/a><br \/>\n<a href=\"https:\/\/www.facebook.com\/TeamHC1190\" target=\"_blank\" rel=\"noreferrer noopener\">Wien D\u00f6bling (1190)<\/a><br \/>\n<a href=\"https:\/\/www.facebook.com\/TeamHC1200\/\" target=\"_blank\" rel=\"noreferrer noopener\">Wien Brigittenau (1200)<\/a><br \/>\n<a href=\"https:\/\/www.facebook.com\/TeamHC1210\" target=\"_blank\" rel=\"noreferrer noopener\" aria-label=\"undefined (opens in a new tab)\">Wien Floridsdorf (1210)<\/a><br \/>\n<a href=\"https:\/\/www.facebook.com\/TeamHC1220\" target=\"_blank\" rel=\"noreferrer noopener\" aria-label=\"undefined (opens in a new tab)\">Wien Donaustadt (1220)<\/a><br \/>\n<a href=\"https:\/\/www.facebook.com\/TeamHC1230\" target=\"_blank\" rel=\"noreferrer noopener\">Wien Liesing (1230)<\/a><\/p>\n<p><strong style=\"font-family: inherit; font-size: inherit; font-style: inherit; font-variant-caps: inherit;\">Landesseiten:<br \/>\n<\/strong><a style=\"font-family: inherit; font-size: inherit; font-style: inherit; font-variant-caps: inherit;\" href=\"https:\/\/www.facebook.com\/TeamHCNOE\" target=\"_blank\" rel=\"noreferrer noopener\">Nieder\u00f6sterreich<\/a><br \/>\n<a style=\"font-family: inherit; font-size: inherit; font-style: inherit; font-variant-caps: inherit;\" href=\"https:\/\/www.facebook.com\/TeamHCBGL\" target=\"_blank\" rel=\"noreferrer noopener\">Burgenland<\/a><\/p>\n<\/div>\n<\/div>\n<\/div>\n<\/div>\n<\/div>\n<\/div>\n<\/div>\n<p>[\/vc_column_text][\/vc_column][vc_column width=&#8220;1\/2&#8243;][vc_column_text]<\/p>\n<div class=\"wp-block-qubely-row qubely-section qubely-block-3b57a5\">\n<div class=\"qubely-container\">\n<div class=\"qubely-row \">\n<div class=\"wp-block-qubely-column qubely-column qubely-column-front qubely-block-fd63e7\">\n<div class=\"qubely-column-inner\">\n<div class=\"wp-block-qubely-text qubely-block-05f9e2\">\n<div class=\"qubely-block-text \"><\/div>\n<div>\n<h4>Twitter<\/h4>\n<\/div>\n<\/div>\n<\/div>\n<\/div>\n<\/div>\n<\/div>\n<\/div>\n<div class=\"wp-block-qubely-row qubely-section qubely-block-97a6fd\">\n<div class=\"qubely-container\">\n<div class=\"qubely-row \">\n<div class=\"wp-block-qubely-column qubely-column qubely-column-front qubely-block-7f76e8\">\n<div class=\"qubely-column-inner\">\n<div class=\"wp-block-qubely-text qubely-block-4d060d\">\n<div class=\"qubely-block-text \">\n<p><a href=\"https:\/\/twitter.com\/HCStrache1\" target=\"_blank\" rel=\"noreferrer noopener\">Twitter HC<\/a><br \/>\n<a href=\"https:\/\/twitter.com\/TeamHC2020\/\" target=\"_blank\" rel=\"noreferrer noopener\">Twitter Team HC<\/a><\/p>\n<h4>YouTube<\/h4>\n<p><a href=\"https:\/\/www.youtube.com\/TeamHCStrache\" target=\"_blank\" rel=\"noreferrer noopener\">YouTube Team HC<\/a><\/p>\n<h4>Instagram<\/h4>\n<p><a href=\"https:\/\/www.instagram.com\/h.c.strache\/\" target=\"_blank\" rel=\"noreferrer noopener\">Instagram HC<\/a><br \/>\n<a href=\"https:\/\/www.instagram.com\/teamhcstrache2020\/\" target=\"_blank\" rel=\"noreferrer noopener\">Instagram Team HC<\/a><\/p>\n<h4>Telegram<\/h4>\n<p><a href=\"https:\/\/t.me\/TeamHCStrache\" target=\"_blank\" rel=\"noreferrer noopener\">Telegram<\/a><\/p>\n<\/div>\n<\/div>\n<\/div>\n<\/div>\n<\/div>\n<\/div>\n<\/div>\n<p>[\/vc_column_text][\/vc_column][\/vc_row]<\/p>\n","protected":false},"excerpt":{"rendered":"<p>[vc_row title=&#8220;Sei dabei&#8220; heading_tag=&#8220;h4&#8243; heading=&#8220;h4&#8243; increase_heading=&#8220;100&#8243; line_type=&#8220;line&#8220; line_width=&#8220;50&#8243; line_height=&#8220;4&#8243; line_color=&#8220;primary-2&#8243; align=&#8220;left&#8220; animation=&#8220;fadeInLeft&#8220; animation_delay=&#8220;200&#8243;][vc_column][vc_empty_space][\/vc_column][\/vc_row][vc_row][vc_column width=&#8220;1\/2&#8243;][vc_column_text] Facebook Heinz-Christian Strache \/ HC Strache Team HC Strache \u2013 Allianz f\u00fcr \u00d6sterreich (Bundespartei) Bezirksseiten Wien: Wien Leopoldstadt (1020) Wien Landstra\u00dfe (1030) Wien Wieden (1040) Wien Margareten (1050) Wien Mariahilf (1060) Wien Neubau (1070) Wien Josefstadt (1080) Wien Alsergrund (1090) Wien [&hellip;]<\/p>\n","protected":false},"author":1,"featured_media":0,"parent":0,"menu_order":0,"comment_status":"closed","ping_status":"closed","template":"","meta":{"footnotes":""},"class_list":["post-7069","page","type-page","status-publish","hentry"],"_links":{"self":[{"href":"https:\/\/teamhcstrache.at\/index.php\/wp-json\/wp\/v2\/pages\/7069"}],"collection":[{"href":"https:\/\/teamhcstrache.at\/index.php\/wp-json\/wp\/v2\/pages"}],"about":[{"href":"https:\/\/teamhcstrache.at\/index.php\/wp-json\/wp\/v2\/types\/page"}],"author":[{"embeddable":true,"href":"https:\/\/teamhcstrache.at\/index.php\/wp-json\/wp\/v2\/users\/1"}],"replies":[{"embeddable":true,"href":"https:\/\/teamhcstrache.at\/index.php\/wp-json\/wp\/v2\/comments?post=7069"}],"version-history":[{"count":18,"href":"https:\/\/teamhcstrache.at\/index.php\/wp-json\/wp\/v2\/pages\/7069\/revisions"}],"predecessor-version":[{"id":7410,"href":"https:\/\/teamhcstrache.at\/index.php\/wp-json\/wp\/v2\/pages\/7069\/revisions\/7410"}],"wp:attachment":[{"href":"https:\/\/teamhcstrache.at\/index.php\/wp-json\/wp\/v2\/media?parent=7069"}],"curies":[{"name":"wp","href":"https:\/\/api.w.org\/{rel}","templated":true}]}}